{"id":8,"date":"2016-02-08T19:26:18","date_gmt":"2016-02-08T19:26:18","guid":{"rendered":"http:\/\/kancelaria.netglob.com.pl\/?page_id=8"},"modified":"2021-05-07T08:50:58","modified_gmt":"2021-05-07T08:50:58","slug":"zakres-uslug","status":"publish","type":"page","link":"https:\/\/kancelariazelewska.pl\/","title":{"rendered":"ZAKRES US\u0141UG"},"content":{"rendered":"\n<figure class=\"wp-block-image size-large\"><a href=\"http:\/\/kancelariazelewska.pl\/wp-content\/uploads\/2021\/05\/STowers-scaled.jpg\"><img fetchpriority=\"high\" decoding=\"async\" width=\"1024\" height=\"315\" src=\"http:\/\/kancelariazelewska.pl\/wp-content\/uploads\/2021\/05\/STowers-1024x315.jpg\" alt=\"\" class=\"wp-image-124\" srcset=\"https:\/\/kancelariazelewska.pl\/wp-content\/uploads\/2021\/05\/STowers-1024x315.jpg 1024w, https:\/\/kancelariazelewska.pl\/wp-content\/uploads\/2021\/05\/STowers-300x92.jpg 300w, https:\/\/kancelariazelewska.pl\/wp-content\/uploads\/2021\/05\/STowers-768x236.jpg 768w, https:\/\/kancelariazelewska.pl\/wp-content\/uploads\/2021\/05\/STowers-1536x472.jpg 1536w, https:\/\/kancelariazelewska.pl\/wp-content\/uploads\/2021\/05\/STowers-2048x629.jpg 2048w, https:\/\/kancelariazelewska.pl\/wp-content\/uploads\/2021\/05\/STowers-624x192.jpg 624w\" sizes=\"(max-width: 1024px) 100vw, 1024px\" \/><\/a><\/figure>\n\n\n<p align=\"JUSTIFY\"><span style=\"font-family: Arial, Helvetica, sans-serif;\"><strong>Kancelaria Radcy Prawnego Ma\u0142gorzaty \u017belewskiej<\/strong> dzia\u0142a od 2009 r. na tr\u00f3jmiejskim rynku us\u0142ug prawniczych.<\/span><\/p>\n<p align=\"JUSTIFY\"><span style=\"font-family: Arial, Helvetica, sans-serif;\">Kancelaria prowadzi sprawy cywilne, gospodarcze, administracyjne i ma uprawnienia do prowadzenia spraw karnych.<\/span><\/p>\n<p align=\"JUSTIFY\"><span style=\"font-family: Arial, Helvetica, sans-serif;\">Kancelaria obs\u0142uguje przedsi\u0119biorc\u00f3w i osoby fizyczne.<\/span><\/p>\n<p align=\"JUSTIFY\"><span style=\"font-family: Arial, Helvetica, sans-serif;\">Kancelaria prowadzi <strong>sprawy frankowe<\/strong>, w kt\u00f3rych reprezentuje Kredytobiorc\u00f3w.<\/span><\/p>\n<p align=\"JUSTIFY\"><span style=\"font-family: Arial, Helvetica, sans-serif;\">Kancelaria prowadzi sprawy o dzia\u0142 spadku, podzia\u0142 maj\u0105tku wsp\u00f3lnego, zniesienie wsp\u00f3\u0142w\u0142asno\u015bci, zasiedzenie, odszkodowanie, zado\u015b\u0107uczynienie, sprawy windykacyjne, sprawy z zakresu ubezpiecze\u0144 spo\u0142ecznych i wiele innych.<\/span><\/p>\n<p align=\"JUSTIFY\"><span style=\"font-family: Arial, Helvetica, sans-serif;\">Kancelaria pomaga d\u0142u\u017cnikom w sprawach dochodzonych przed <strong>e-s\u0105dem<\/strong> (S\u0105dem Rejonowym Lublin-Zach\u00f3d) \u2013 nawet po otrzymaniu informacji od komornika o nakazie zap\u0142aty.<\/span><\/p>\n<p align=\"JUSTIFY\"><span style=\"font-family: Arial, Helvetica, sans-serif;\">Dla Kancelarii wa\u017cny jest osobisty kontakt radcy prawnego z Klientami oparty na wzajemnym zaufaniu, a Klienci ceni\u0105 sobie jako\u015b\u0107 \u015bwiadczonych us\u0142ug i zaanga\u017cowanie Kancelarii w skuteczne rozwi\u0105zanie ich problem\u00f3w.<\/span><\/p>\n<p><\/p>\n\n\n<p><\/p>\n","protected":false},"excerpt":{"rendered":"<p>Kancelaria Radcy Prawnego Ma\u0142gorzaty \u017belewskiej dzia\u0142a od 2009 r. na tr\u00f3jmiejskim rynku us\u0142ug prawniczych. Kancelaria prowadzi sprawy cywilne, gospodarcze, administracyjne i ma uprawnienia do prowadzenia spraw karnych. Kancelaria obs\u0142uguje przedsi\u0119biorc\u00f3w i osoby fizyczne. Kancelaria prowadzi sprawy frankowe, w kt\u00f3rych reprezentuje Kredytobiorc\u00f3w. Kancelaria prowadzi sprawy o dzia\u0142 spadku, podzia\u0142 maj\u0105tku wsp\u00f3lnego, zniesienie wsp\u00f3\u0142w\u0142asno\u015bci, zasiedzenie, odszkodowanie, zado\u015b\u0107uczynienie, [&hellip;]<\/p>\n","protected":false},"author":1,"featured_media":146,"parent":0,"menu_order":0,"comment_status":"closed","ping_status":"closed","template":"","meta":{"ocean_post_layout":"","ocean_both_sidebars_style":"","ocean_both_sidebars_content_width":0,"ocean_both_sidebars_sidebars_width":0,"ocean_sidebar":"","ocean_second_sidebar":"","ocean_disable_margins":"enable","ocean_add_body_class":"","ocean_shortcode_before_top_bar":"","ocean_shortcode_after_top_bar":"","ocean_shortcode_before_header":"","ocean_shortcode_after_header":"","ocean_has_shortcode":"","ocean_shortcode_after_title":"","ocean_shortcode_before_footer_widgets":"","ocean_shortcode_after_footer_widgets":"","ocean_shortcode_before_footer_bottom":"","ocean_shortcode_after_footer_bottom":"","ocean_display_top_bar":"default","ocean_display_header":"default","ocean_header_style":"","ocean_center_header_left_menu":"","ocean_custom_header_template":"","ocean_custom_logo":0,"ocean_custom_retina_logo":0,"ocean_custom_logo_max_width":0,"ocean_custom_logo_tablet_max_width":0,"ocean_custom_logo_mobile_max_width":0,"ocean_custom_logo_max_height":0,"ocean_custom_logo_tablet_max_height":0,"ocean_custom_logo_mobile_max_height":0,"ocean_header_custom_menu":"","ocean_menu_typo_font_family":"","ocean_menu_typo_font_subset":"","ocean_menu_typo_font_size":0,"ocean_menu_typo_font_size_tablet":0,"ocean_menu_typo_font_size_mobile":0,"ocean_menu_typo_font_size_unit":"px","ocean_menu_typo_font_weight":"","ocean_menu_typo_font_weight_tablet":"","ocean_menu_typo_font_weight_mobile":"","ocean_menu_typo_transform":"","ocean_menu_typo_transform_tablet":"","ocean_menu_typo_transform_mobile":"","ocean_menu_typo_line_height":0,"ocean_menu_typo_line_height_tablet":0,"ocean_menu_typo_line_height_mobile":0,"ocean_menu_typo_line_height_unit":"","ocean_menu_typo_spacing":0,"ocean_menu_typo_spacing_tablet":0,"ocean_menu_typo_spacing_mobile":0,"ocean_menu_typo_spacing_unit":"","ocean_menu_link_color":"","ocean_menu_link_color_hover":"","ocean_menu_link_color_active":"","ocean_menu_link_background":"","ocean_menu_link_hover_background":"","ocean_menu_link_active_background":"","ocean_menu_social_links_bg":"","ocean_menu_social_hover_links_bg":"","ocean_menu_social_links_color":"","ocean_menu_social_hover_links_color":"","ocean_disable_title":"default","ocean_disable_heading":"default","ocean_post_title":"","ocean_post_subheading":"","ocean_post_title_style":"","ocean_post_title_background_color":"","ocean_post_title_background":0,"ocean_post_title_bg_image_position":"","ocean_post_title_bg_image_attachment":"","ocean_post_title_bg_image_repeat":"","ocean_post_title_bg_image_size":"","ocean_post_title_height":0,"ocean_post_title_bg_overlay":0.5,"ocean_post_title_bg_overlay_color":"","ocean_disable_breadcrumbs":"default","ocean_breadcrumbs_color":"","ocean_breadcrumbs_separator_color":"","ocean_breadcrumbs_links_color":"","ocean_breadcrumbs_links_hover_color":"","ocean_display_footer_widgets":"default","ocean_display_footer_bottom":"default","ocean_custom_footer_template":"","footnotes":""},"class_list":["post-8","page","type-page","status-publish","has-post-thumbnail","hentry","entry","has-media"],"_links":{"self":[{"href":"https:\/\/kancelariazelewska.pl\/index.php\/wp-json\/wp\/v2\/pages\/8","targetHints":{"allow":["GET"]}}],"collection":[{"href":"https:\/\/kancelariazelewska.pl\/index.php\/wp-json\/wp\/v2\/pages"}],"about":[{"href":"https:\/\/kancelariazelewska.pl\/index.php\/wp-json\/wp\/v2\/types\/page"}],"author":[{"embeddable":true,"href":"https:\/\/kancelariazelewska.pl\/index.php\/wp-json\/wp\/v2\/users\/1"}],"replies":[{"embeddable":true,"href":"https:\/\/kancelariazelewska.pl\/index.php\/wp-json\/wp\/v2\/comments?post=8"}],"version-history":[{"count":38,"href":"https:\/\/kancelariazelewska.pl\/index.php\/wp-json\/wp\/v2\/pages\/8\/revisions"}],"predecessor-version":[{"id":174,"href":"https:\/\/kancelariazelewska.pl\/index.php\/wp-json\/wp\/v2\/pages\/8\/revisions\/174"}],"wp:featuredmedia":[{"embeddable":true,"href":"https:\/\/kancelariazelewska.pl\/index.php\/wp-json\/wp\/v2\/media\/146"}],"wp:attachment":[{"href":"https:\/\/kancelariazelewska.pl\/index.php\/wp-json\/wp\/v2\/media?parent=8"}],"curies":[{"name":"wp","href":"https:\/\/api.w.org\/{rel}","templated":true}]}}